{"id":107,"date":"2023-09-29T07:13:57","date_gmt":"2023-09-29T07:13:57","guid":{"rendered":"https:\/\/absa.es\/?page_id=107"},"modified":"2023-10-19T12:01:15","modified_gmt":"2023-10-19T12:01:15","slug":"fabricacion","status":"publish","type":"page","link":"https:\/\/absa.es\/index.php\/fabricacion\/","title":{"rendered":"Fabricaci\u00f3n"},"content":{"rendered":"\n<div class=\"wp-block-cover alignfull has-parallax\" style=\"min-height:400px;aspect-ratio:unset;\"><span aria-hidden=\"true\" class=\"wp-block-cover__background has-background-dim-20 has-background-dim\"><\/span><div role=\"img\" class=\"wp-block-cover__image-background wp-image-187 has-parallax\" style=\"background-position:50% 50%;background-image:url(https:\/\/absa.es\/wp-content\/uploads\/2023\/09\/D75_0439-scaled.jpg)\"><\/div><div class=\"wp-block-cover__inner-container is-layout-flow wp-block-cover-is-layout-flow\">\n<p>  <\/p>\n\n\n\n<p class=\"has-text-align-center has-x-large-font-size\">Fabricaci\u00f3n<\/p>\n<\/div><\/div>\n\n\n\n<div class=\"wp-block-cover alignfull is-light\" style=\"min-height:204px;aspect-ratio:unset;\"><span aria-hidden=\"true\" class=\"wp-block-cover__background has-background-dim-100 has-background-dim\" style=\"background-color:#f1f3e3\"><\/span><div class=\"wp-block-cover__inner-container is-layout-flow wp-block-cover-is-layout-flow\">\n<p class=\"has-text-align-center has-text-color has-medium-font-size\" style=\"color:#6e5100\">La preparaci\u00f3n es la primera etapa que se lleva a cabo una vez que el tejido sale del telar.<br>Cuando se recibe el tejido crudo, se analiza y se define el proceso m\u00e1s adecuado para cada<br>tejido. Esta primera fase es clave para obtener un tejido con buenas prestaciones y definir\u00e1 el<br>comportamiento en las siguientes etapas posteriores.<\/p>\n<\/div><\/div>\n\n\n\n<div class=\"wp-block-media-text alignfull is-stacked-on-mobile has-text-color has-background\" style=\"color:#6e5100;background-color:#f1f3e3;grid-template-columns:40% auto\"><figure class=\"wp-block-media-text__media\"><img loading=\"lazy\" decoding=\"async\" width=\"1024\" height=\"684\" src=\"https:\/\/absa.es\/wp-content\/uploads\/2023\/10\/D75_0411-1024x684.jpg\" alt=\"\" class=\"wp-image-215 size-full\" srcset=\"https:\/\/absa.es\/wp-content\/uploads\/2023\/10\/D75_0411-1024x684.jpg 1024w, https:\/\/absa.es\/wp-content\/uploads\/2023\/10\/D75_0411-300x200.jpg 300w, https:\/\/absa.es\/wp-content\/uploads\/2023\/10\/D75_0411-768x513.jpg 768w, https:\/\/absa.es\/wp-content\/uploads\/2023\/10\/D75_0411-1536x1025.jpg 1536w, https:\/\/absa.es\/wp-content\/uploads\/2023\/10\/D75_0411-2048x1367.jpg 2048w\" sizes=\"auto, (max-width: 1024px) 100vw, 1024px\" \/><\/figure><div class=\"wp-block-media-text__content\">\n<p class=\"has-text-color has-medium-font-size\" style=\"color:#6e5100\">El objetivo de la combinaci\u00f3n de los diferentes procesos que se realizan en nuestras instalaciones es:<\/p>\n\n\n\n<p class=\"has-text-color has-medium-font-size\" style=\"color:#6e5100\">Eliminaci\u00f3n de la materia llamada &#8216;cola&#8217; que se introduce en una fase previa a la tejedur\u00eda y que es necesaria para facilitar esta etapa de tejedur\u00eda propiamente dicha. <\/p>\n\n\n\n<p class=\"has-text-color has-medium-font-size\" style=\"color:#6e5100\">Eliminaci\u00f3n de impurezas asociadas a las fibras (naturales o sint\u00e9ticas) que componen los tejidos. <\/p>\n\n\n\n<p class=\"has-text-color has-medium-font-size\" style=\"color:#6e5100\">Aumento de la hidrofilidad, rendimiento y afinidad por el colorante o productos empleados en etapas posteriores.<\/p>\n\n\n\n<p class=\"has-text-color has-medium-font-size\" style=\"color:#6e5100\">Aumento del grado blanco cuando sea necesario.<\/p>\n\n\n\n<p><\/p>\n<\/div><\/div>\n\n\n\n<div class=\"wp-block-cover alignfull has-custom-content-position is-position-top-center has-text-color\" style=\"color:#6e5100;min-height:276px;aspect-ratio:unset;\"><span aria-hidden=\"true\" class=\"wp-block-cover__background has-ast-global-color-5-background-color has-background-dim-100 has-background-dim\"><\/span><div class=\"wp-block-cover__inner-container is-layout-flow wp-block-cover-is-layout-flow\">\n<p class=\"has-text-align-center has-text-color has-medium-font-size\" style=\"color:#6e5100\">Nuestros procesos de pretratamiento de tejidos son los siguientes:<\/p>\n\n\n\n<div class=\"inherit-container-width wp-block-group is-layout-constrained wp-block-group-is-layout-constrained\">\n<div class=\"wp-block-columns has-text-color is-layout-flex wp-container-core-columns-is-layout-28f84493 wp-block-columns-is-layout-flex\" style=\"color:#6e5100\">\n<div class=\"wp-block-column is-layout-flow wp-block-column-is-layout-flow\">\n<details class=\"wp-block-details alignfull has-text-color is-layout-flow wp-block-details-is-layout-flow\" style=\"color:#6e5100\" open><summary>Chamuscado<\/summary>\n<p class=\"has-text-color\" style=\"color:#6e5100\">Es la primera etapa que se puede realizar dentro de la preparaci\u00f3n del tejido. En esta fase, el<br>tejido pasa a trav\u00e9s de una llama que destruye cualquier fibra que sobresalga, pelusa\u2026<br>obteniendo un tejido mucho m\u00e1s limpio y con mejores prestaciones.<\/p>\n<\/details>\n<\/div>\n\n\n\n<div class=\"wp-block-column is-layout-flow wp-block-column-is-layout-flow\">\n<details class=\"wp-block-details alignfull has-text-color is-layout-flow wp-block-details-is-layout-flow\" style=\"color:#6e5100\" open><summary>Desencolado<\/summary>\n<p class=\"has-text-color\" style=\"color:#6e5100\">Las t\u00e9cnicas empleadas dependen del tipo de cola que se emplea; fundamentalmente se lleva<br>a cabo con enzimas o detergentes. Una vez eliminado este componente, el tejido presentar\u00e1<br>un comportamiento hidrof\u00edlico y con afinidad hacia el colorante textil.<\/p>\n<\/details>\n<\/div>\n\n\n\n<div class=\"wp-block-column is-layout-flow wp-block-column-is-layout-flow\">\n<details class=\"wp-block-details alignfull has-text-color is-layout-flow wp-block-details-is-layout-flow\" style=\"color:#6e5100\" open><summary>Descrudado<\/summary>\n<p class=\"has-text-color\" style=\"color:#6e5100\">Es un proceso qu\u00edmico cuyo principal objetivo es la eliminaci\u00f3n de aceites, grasas, ceras y otras<br>impurezas naturales o sint\u00e9ticas. Como resultado de aplicaci\u00f3n de esta etapa se obtiene un<br>tejido con mayor absorci\u00f3n.<\/p>\n<\/details>\n<\/div>\n\n\n\n<div class=\"wp-block-column is-layout-flow wp-block-column-is-layout-flow\">\n<details class=\"wp-block-details alignfull has-text-color is-layout-flow wp-block-details-is-layout-flow\" style=\"color:#6e5100\" open><summary>  Blanqueo   <\/summary>\n<p class=\"has-text-color\" style=\"color:#6e5100\">Es el proceso qu\u00edmico en el cual se eliminan y destruyen los componentes inherentes y que<br>colorean las fibras, consiguiendo un grado de blanco y una hidrofilidad adecuada, sin alterar<br>los par\u00e1metros mec\u00e1nicos.<\/p>\n<\/details>\n<\/div>\n\n\n\n<div class=\"wp-block-column is-layout-flow wp-block-column-is-layout-flow\">\n<details class=\"wp-block-details alignfull has-text-color is-layout-flow wp-block-details-is-layout-flow\" style=\"color:#6e5100\" open><summary>Mercerizado<\/summary>\n<p class=\"has-text-color\" style=\"color:#6e5100\">Es el tratamiento qu\u00edmico con sosa caustica que se realiza al tejido, obteniendo como<br>resultado el hinchamiento y alineaci\u00f3n de las fibras y a su vez el aumento del brillo y el<br>rendimiento de los colorantes en la etapa de tintura posterior.<\/p>\n<\/details>\n<\/div>\n<\/div>\n<\/div>\n\n\n\n<hr class=\"wp-block-separator has-text-color has-alpha-channel-opacity has-background is-style-wide\" style=\"background-color:#6e5100;color:#6e5100\"\/>\n<\/div><\/div>\n\n\n\n<div class=\"wp-block-columns alignfull has-ast-global-color-1-color has-ast-global-color-0-background-color has-text-color has-background is-layout-flex wp-container-core-columns-is-layout-28f84493 wp-block-columns-is-layout-flex\">\n<div class=\"wp-block-column is-layout-flow wp-block-column-is-layout-flow\">\n<figure class=\"wp-block-image aligncenter size-large\"><a href=\"https:\/\/absa.es\/index.php\/tintura\/\"><img loading=\"lazy\" decoding=\"async\" width=\"1024\" height=\"684\" src=\"https:\/\/absa.es\/wp-content\/uploads\/2023\/09\/2-1024x684.jpg\" alt=\"\" class=\"wp-image-183\" srcset=\"https:\/\/absa.es\/wp-content\/uploads\/2023\/09\/2-1024x684.jpg 1024w, https:\/\/absa.es\/wp-content\/uploads\/2023\/09\/2-300x200.jpg 300w, https:\/\/absa.es\/wp-content\/uploads\/2023\/09\/2-768x513.jpg 768w, https:\/\/absa.es\/wp-content\/uploads\/2023\/09\/2-1536x1025.jpg 1536w, https:\/\/absa.es\/wp-content\/uploads\/2023\/09\/2-2048x1367.jpg 2048w\" sizes=\"auto, (max-width: 1024px) 100vw, 1024px\" \/><\/a><\/figure>\n\n\n\n<p class=\"has-text-align-center has-ast-global-color-1-color has-text-color has-medium-font-size\">Tintura<\/p>\n<\/div>\n\n\n\n<div class=\"wp-block-column is-layout-flow wp-block-column-is-layout-flow\">\n<figure class=\"wp-block-image size-large\"><a href=\"https:\/\/absa.es\/index.php\/estampacion-y-recubrimiento\/\"><img loading=\"lazy\" decoding=\"async\" width=\"1024\" height=\"684\" src=\"https:\/\/absa.es\/wp-content\/uploads\/2023\/10\/D75_0369-1024x684.jpg\" alt=\"\" class=\"wp-image-277\" srcset=\"https:\/\/absa.es\/wp-content\/uploads\/2023\/10\/D75_0369-1024x684.jpg 1024w, https:\/\/absa.es\/wp-content\/uploads\/2023\/10\/D75_0369-300x200.jpg 300w, https:\/\/absa.es\/wp-content\/uploads\/2023\/10\/D75_0369-768x513.jpg 768w, https:\/\/absa.es\/wp-content\/uploads\/2023\/10\/D75_0369-1536x1025.jpg 1536w, https:\/\/absa.es\/wp-content\/uploads\/2023\/10\/D75_0369-2048x1367.jpg 2048w\" sizes=\"auto, (max-width: 1024px) 100vw, 1024px\" \/><\/a><\/figure>\n\n\n\n<p class=\"has-text-align-center has-ast-global-color-1-color has-text-color has-medium-font-size\">Estampaci\u00f3n y recubrimiento<\/p>\n<\/div>\n\n\n\n<div class=\"wp-block-column is-layout-flow wp-block-column-is-layout-flow\">\n<figure class=\"wp-block-image size-large\"><a href=\"https:\/\/absa.es\/index.php\/acabados\/\"><img loading=\"lazy\" decoding=\"async\" width=\"1024\" height=\"684\" src=\"https:\/\/absa.es\/wp-content\/uploads\/2023\/10\/D75_0242-1024x684.jpg\" alt=\"\" class=\"wp-image-279\" srcset=\"https:\/\/absa.es\/wp-content\/uploads\/2023\/10\/D75_0242-1024x684.jpg 1024w, https:\/\/absa.es\/wp-content\/uploads\/2023\/10\/D75_0242-300x200.jpg 300w, https:\/\/absa.es\/wp-content\/uploads\/2023\/10\/D75_0242-768x513.jpg 768w, https:\/\/absa.es\/wp-content\/uploads\/2023\/10\/D75_0242-1536x1025.jpg 1536w, https:\/\/absa.es\/wp-content\/uploads\/2023\/10\/D75_0242-2048x1367.jpg 2048w\" sizes=\"auto, (max-width: 1024px) 100vw, 1024px\" \/><\/a><\/figure>\n\n\n\n<p class=\"has-text-align-center has-ast-global-color-1-color has-text-color has-medium-font-size\">Acabados<\/p>\n<\/div>\n<\/div>\n","protected":false},"excerpt":{"rendered":"<p>El objetivo de la combinaci\u00f3n de los diferentes procesos que se realizan en nuestras instalaciones es: Eliminaci\u00f3n de la materia llamada &#8216;cola&#8217; que se introduce en una fase previa a la tejedur\u00eda y que es necesaria para facilitar esta etapa de tejedur\u00eda propiamente dicha. Eliminaci\u00f3n de impurezas asociadas a las fibras (naturales o sint\u00e9ticas) que &hellip;<\/p>\n<p class=\"read-more\"> <a class=\"\" href=\"https:\/\/absa.es\/index.php\/fabricacion\/\"> <span class=\"screen-reader-text\">Fabricaci\u00f3n<\/span> Leer m\u00e1s &raquo;<\/a><\/p>\n","protected":false},"author":1,"featured_media":0,"parent":0,"menu_order":0,"comment_status":"closed","ping_status":"closed","template":"","meta":{"site-sidebar-layout":"default","site-content-layout":"plain-container","ast-global-header-display":"","ast-banner-title-visibility":"","ast-main-header-display":"","ast-hfb-above-header-display":"","ast-hfb-below-header-display":"","ast-hfb-mobile-header-display":"","site-post-title":"disabled","ast-breadcrumbs-content":"","ast-featured-img":"","footer-sml-layout":"","theme-transparent-header-meta":"","adv-header-id-meta":"","stick-header-meta":"","header-above-stick-meta":"","header-main-stick-meta":"","header-below-stick-meta":"","footnotes":""},"class_list":["post-107","page","type-page","status-publish","hentry"],"_links":{"self":[{"href":"https:\/\/absa.es\/index.php\/wp-json\/wp\/v2\/pages\/107","targetHints":{"allow":["GET"]}}],"collection":[{"href":"https:\/\/absa.es\/index.php\/wp-json\/wp\/v2\/pages"}],"about":[{"href":"https:\/\/absa.es\/index.php\/wp-json\/wp\/v2\/types\/page"}],"author":[{"embeddable":true,"href":"https:\/\/absa.es\/index.php\/wp-json\/wp\/v2\/users\/1"}],"replies":[{"embeddable":true,"href":"https:\/\/absa.es\/index.php\/wp-json\/wp\/v2\/comments?post=107"}],"version-history":[{"count":59,"href":"https:\/\/absa.es\/index.php\/wp-json\/wp\/v2\/pages\/107\/revisions"}],"predecessor-version":[{"id":468,"href":"https:\/\/absa.es\/index.php\/wp-json\/wp\/v2\/pages\/107\/revisions\/468"}],"wp:attachment":[{"href":"https:\/\/absa.es\/index.php\/wp-json\/wp\/v2\/media?parent=107"}],"curies":[{"name":"wp","href":"https:\/\/api.w.org\/{rel}","templated":true}]}}