{"id":25,"date":"2023-05-29T14:21:51","date_gmt":"2023-05-29T14:21:51","guid":{"rendered":"https:\/\/absa.es\/?page_id=25"},"modified":"2024-04-18T14:10:13","modified_gmt":"2024-04-18T14:10:13","slug":"empresa","status":"publish","type":"page","link":"https:\/\/absa.es\/index.php\/empresa\/","title":{"rendered":"Empresa"},"content":{"rendered":"\n<div class=\"wp-block-cover alignfull is-light has-parallax\" style=\"min-height:400px;aspect-ratio:unset;\"><span aria-hidden=\"true\" class=\"wp-block-cover__background has-background-dim-20 has-background-dim\"><\/span><div class=\"wp-block-cover__image-background wp-image-96 has-parallax\" style=\"background-position:50% 50%;background-image:url(https:\/\/absa.es\/wp-content\/uploads\/2023\/06\/D75_0391-scaled.jpg)\"><\/div><div class=\"wp-block-cover__inner-container is-layout-flow wp-block-cover-is-layout-flow\">\n<p><\/p>\n\n\n\n<p class=\"has-text-align-center has-x-large-font-size\">Empresa<\/p>\n<\/div><\/div>\n\n\n\n<div class=\"wp-block-cover alignfull is-light\" style=\"min-height:287px;aspect-ratio:unset;\"><span aria-hidden=\"true\" class=\"wp-block-cover__background has-background-dim-100 has-background-dim\" style=\"background-color:#f1f3e3\"><\/span><div class=\"wp-block-cover__inner-container is-layout-flow wp-block-cover-is-layout-flow\">\n<p class=\"has-text-align-center has-text-color has-medium-font-size\" style=\"color:#6e5100\"><strong>La familia Par\u00e9s Boj constituye Acabats del Bages S.A. en el a\u00f1o 1988.<\/strong><br>Inicialmente, la instalaci\u00f3n estaba focalizada en el acabado de tejidos destinados al mercado<br>de la moda. El algod\u00f3n era la materia predominante en los tejidos que se acababan, contando<br>con una maquinaria totalmente renovada y ofreciendo una r\u00e1pida respuesta a las necesidades<br>de tintura, estampaci\u00f3n y acabado de nuestros clientes.<\/p>\n<\/div><\/div>\n\n\n\n<p><\/p>\n\n\n\n<div class=\"wp-block-media-text alignfull is-stacked-on-mobile has-ast-global-color-5-background-color has-background\" style=\"grid-template-columns:40% auto\"><figure class=\"wp-block-media-text__media\"><img loading=\"lazy\" decoding=\"async\" width=\"472\" height=\"288\" src=\"https:\/\/absa.es\/wp-content\/uploads\/2023\/05\/absa.jpg\" alt=\"\" class=\"wp-image-50 size-full\" srcset=\"https:\/\/absa.es\/wp-content\/uploads\/2023\/05\/absa.jpg 472w, https:\/\/absa.es\/wp-content\/uploads\/2023\/05\/absa-300x183.jpg 300w\" sizes=\"auto, (max-width: 472px) 100vw, 472px\" \/><\/figure><div class=\"wp-block-media-text__content\">\n<p class=\"has-text-color\" style=\"color:#6e5100;font-size:20px\">Con el paso del tiempo y sin renunciar nunca a la esencia de la compa\u00f1\u00eda, se comienza a ampliar el destino de los tejidos acabados. Para ello, se invierte en innovaci\u00f3n t\u00e9cnica y tecnol\u00f3gica a trav\u00e9s de nuevas m\u00e1quinas y procesos.<\/p>\n\n\n\n<p class=\"has-text-color\" style=\"color:#6e5100;font-size:20px\">Nuestros servicios gozan de una&nbsp;<strong>alta calidad con unos plazos de entrega m\u00ednimos y<\/strong>&nbsp;<strong>puntuales.<\/strong><\/p>\n\n\n\n<p><\/p>\n<\/div><\/div>\n\n\n\n<p><\/p>\n\n\n\n<div class=\"wp-block-cover alignfull is-light\" style=\"min-height:111px;aspect-ratio:unset;\"><span aria-hidden=\"true\" class=\"wp-block-cover__background has-background-dim-100 has-background-dim\" style=\"background-color:#f1f3e3\"><\/span><div class=\"wp-block-cover__inner-container is-layout-flow wp-block-cover-is-layout-flow\">\n<p class=\"has-text-align-center has-text-color has-medium-font-size\" style=\"color:#6e5100\">Hoy en d\u00eda, acabamos tejidos presentes en el mercado de la moda, infantil, t\u00e9cnicos, <em>workwear<\/em><br>y calzado.<\/p>\n<\/div><\/div>\n\n\n\n<figure class=\"wp-block-image aligncenter size-full\"><img loading=\"lazy\" decoding=\"async\" width=\"468\" height=\"328\" src=\"https:\/\/absa.es\/wp-content\/uploads\/2023\/05\/index_clip_image002.png\" alt=\"\" class=\"wp-image-52\" srcset=\"https:\/\/absa.es\/wp-content\/uploads\/2023\/05\/index_clip_image002.png 468w, https:\/\/absa.es\/wp-content\/uploads\/2023\/05\/index_clip_image002-300x210.png 300w\" sizes=\"auto, (max-width: 468px) 100vw, 468px\" \/><\/figure>\n\n\n\n<div class=\"inherit-container-width wp-block-group alignfull has-background is-layout-constrained wp-block-group-is-layout-constrained\" style=\"background-color:#f1f3e3\">\n<p class=\"has-text-color has-medium-font-size\" style=\"color:#6e5100\"><strong>Una empresa que respeta el medio-ambiente<\/strong><\/p>\n\n\n\n<p class=\"has-text-color has-medium-font-size\" style=\"color:#6e5100\">Nuestra preocupaci\u00f3n por este aspecto hace que invirtamos continuadamente en la investigaci\u00f3n e implantaci\u00f3n de nuevas t\u00e9cnicas y productos para minimizar el impacto medio ambiental.<\/p>\n\n\n\n<p class=\"has-text-color has-medium-font-size\" style=\"color:#6e5100\"><strong>ACABATS DEL BAGES, S.A.,&nbsp;<\/strong>ha recibido una ayuda de&nbsp;<strong>206.468 \u20ac<\/strong>&nbsp;para su proyecto de ahorro y eficiencia energ\u00e9tica \u201c<em>Aumento de la eficiencia energ\u00e9tica de las instalaciones de vapor de empresa de acabados textiles<\/em>\u201d a trav\u00e9s del INSTITUTO DE DIVERSIFICACI\u00d3N Y AHORRO DE LA ENERG\u00cdA (IDAE), ayuda cofinanciada por la Uni\u00f3n Europea a trav\u00e9s del Programa Operativo FEDER de crecimiento Inteligente 2014-2020.&nbsp;<em>El objetivo esencial del proyecto es la sustituci\u00f3n de tres calderas de vapor antiguas y con un bajo rendimiento, por tres nuevos generadores de vapor de alta eficiencia.&nbsp;<\/em>Esta actuaci\u00f3n ha supuesto a Acabats del Bages, S.A. llevar a cabo una inversi\u00f3n de 785.728 \u20ac<\/p>\n<\/div>\n\n\n\n<figure class=\"wp-block-image aligncenter size-large\"><img loading=\"lazy\" decoding=\"async\" width=\"1024\" height=\"135\" src=\"https:\/\/absa.es\/wp-content\/uploads\/2024\/04\/certificados-1-1024x135.png\" alt=\"\" class=\"wp-image-487\" srcset=\"https:\/\/absa.es\/wp-content\/uploads\/2024\/04\/certificados-1-1024x135.png 1024w, https:\/\/absa.es\/wp-content\/uploads\/2024\/04\/certificados-1-300x40.png 300w, https:\/\/absa.es\/wp-content\/uploads\/2024\/04\/certificados-1-768x101.png 768w, https:\/\/absa.es\/wp-content\/uploads\/2024\/04\/certificados-1-1536x203.png 1536w, https:\/\/absa.es\/wp-content\/uploads\/2024\/04\/certificados-1.png 1600w\" sizes=\"auto, (max-width: 1024px) 100vw, 1024px\" \/><\/figure>\n\n\n\n<p><\/p>\n","protected":false},"excerpt":{"rendered":"<p>Con el paso del tiempo y sin renunciar nunca a la esencia de la compa\u00f1\u00eda, se comienza a ampliar el destino de los tejidos acabados. Para ello, se invierte en innovaci\u00f3n t\u00e9cnica y tecnol\u00f3gica a trav\u00e9s de nuevas m\u00e1quinas y procesos. Nuestros servicios gozan de una&nbsp;alta calidad con unos plazos de entrega m\u00ednimos y&nbsp;puntuales. Una &hellip;<\/p>\n<p class=\"read-more\"> <a class=\"\" href=\"https:\/\/absa.es\/index.php\/empresa\/\"> <span class=\"screen-reader-text\">Empresa<\/span> Leer m\u00e1s &raquo;<\/a><\/p>\n","protected":false},"author":1,"featured_media":0,"parent":0,"menu_order":0,"comment_status":"closed","ping_status":"closed","template":"","meta":{"site-sidebar-layout":"default","site-content-layout":"default","ast-global-header-display":"","ast-banner-title-visibility":"","ast-main-header-display":"","ast-hfb-above-header-display":"","ast-hfb-below-header-display":"","ast-hfb-mobile-header-display":"","site-post-title":"disabled","ast-breadcrumbs-content":"","ast-featured-img":"","footer-sml-layout":"","theme-transparent-header-meta":"","adv-header-id-meta":"","stick-header-meta":"","header-above-stick-meta":"","header-main-stick-meta":"","header-below-stick-meta":"","footnotes":""},"class_list":["post-25","page","type-page","status-publish","hentry"],"_links":{"self":[{"href":"https:\/\/absa.es\/index.php\/wp-json\/wp\/v2\/pages\/25","targetHints":{"allow":["GET"]}}],"collection":[{"href":"https:\/\/absa.es\/index.php\/wp-json\/wp\/v2\/pages"}],"about":[{"href":"https:\/\/absa.es\/index.php\/wp-json\/wp\/v2\/types\/page"}],"author":[{"embeddable":true,"href":"https:\/\/absa.es\/index.php\/wp-json\/wp\/v2\/users\/1"}],"replies":[{"embeddable":true,"href":"https:\/\/absa.es\/index.php\/wp-json\/wp\/v2\/comments?post=25"}],"version-history":[{"count":25,"href":"https:\/\/absa.es\/index.php\/wp-json\/wp\/v2\/pages\/25\/revisions"}],"predecessor-version":[{"id":491,"href":"https:\/\/absa.es\/index.php\/wp-json\/wp\/v2\/pages\/25\/revisions\/491"}],"wp:attachment":[{"href":"https:\/\/absa.es\/index.php\/wp-json\/wp\/v2\/media?parent=25"}],"curies":[{"name":"wp","href":"https:\/\/api.w.org\/{rel}","templated":true}]}}